{"id":55,"date":"2016-06-13T15:48:45","date_gmt":"2016-06-13T15:48:45","guid":{"rendered":"http:\/\/sw-themes.com\/porto_dummy\/?page_id=55"},"modified":"2020-06-02T21:44:26","modified_gmt":"2020-06-03T02:44:26","slug":"about-us","status":"publish","type":"page","link":"https:\/\/www.reinsac.com\/index.php\/about-us\/","title":{"rendered":"Nosotros"},"content":{"rendered":"<p>[vc_row wrap_container=&#8221;yes&#8221; css=&#8221;.vc_custom_1519804692056{padding-top: 30px !important;padding-bottom: 30px !important;}&#8221;][vc_column]<div class=\"porto-u-heading\" data-hspacer=\"no_spacer\" data-halign=\"left\" style=\"text-align:left\"><div class=\"porto-u-main-heading\"><h2 style=\"font-weight:700;color:#21293c;font-size:19px;\">NOSOTROS<\/h2><\/div><\/div>[vc_column_text]Somos una empresa Arequipe\u00f1a especializada en la comercializaci\u00f3n de productos de abarrotes, art\u00edculos de limpieza, primera necesidad, delicatesen y m\u00e1s.<br \/>\nLa empresa abrio sus puertas oficialmente en 1982, bajo la marca registrada EL SUPER.<br \/>\nContamos con 2 locales ubicados en el centro hist\u00f3rico de Arequipa. En el Portal de Flores (Plaza de Armas) y la calle Pierola.<br \/>\nEstamos en el coraz\u00f3n de Arequipa, cerca a entidades financieras, Monasterio de Santa Catalina, comercios y tiendas de Arequipa.[\/vc_column_text][\/vc_column][\/vc_row][vc_row wrap_container=&#8221;yes&#8221; css=&#8221;.vc_custom_1519805538811{padding-top: 50px !important;padding-bottom: 40px !important;background-color: #f4f4f4 !important;}&#8221;][vc_column]<div class=\"porto-u-heading\" data-hspacer=\"no_spacer\" data-halign=\"left\" style=\"text-align:left\"><\/div>[vc_row_inner][vc_column_inner width=&#8221;1\/3&#8243;]<div class=\"porto-sicon-box style_1 top-icon\"><div class=\"porto-sicon-top\"><div id=\"porto-icon-33197643969f6b7bf27cab\" class=\"porto-just-icon-wrapper\" style=\"text-align:center;\"><div class=\"porto-icon none\" style=\"color:#0088cc;font-size:55px;display:inline-block;\"><i class=\"porto-icon-shipped\"><\/i><\/div><\/div><\/div><div class=\"porto-sicon-header\" ><h3 class=\"porto-sicon-title\" style=\"font-weight:600;font-size:18px;line-height:20px;color:#21293c;\">Entrega a domicilio<\/h3><\/div> <!-- header --><div class=\"porto-sicon-description\" style=\"font-size:15px;line-height:27px;\">Env\u00edamos su pedido a la direcci\u00f3n que nos indique.<\/div> <!-- description --><\/div><!-- porto-sicon-box -->[\/vc_column_inner][vc_column_inner width=&#8221;1\/3&#8243;]<div class=\"porto-sicon-box style_1 top-icon\"><div class=\"porto-sicon-top\"><div id=\"porto-icon-64339540669f6b7bf284f0\" class=\"porto-just-icon-wrapper\" style=\"text-align:center;\"><div class=\"porto-icon none\" style=\"color:#0088cc;font-size:55px;display:inline-block;\"><i class=\"porto-icon-us-dollar\"><\/i><\/div><\/div><\/div><div class=\"porto-sicon-header\" ><h3 class=\"porto-sicon-title\" style=\"font-weight:600;font-size:18px;line-height:20px;color:#21293c;\">\u00a1Siempre con los Mejores Precios!<\/h3><\/div> <!-- header --><\/div><!-- porto-sicon-box -->[\/vc_column_inner][vc_column_inner width=&#8221;1\/3&#8243;]<div class=\"porto-sicon-box style_1 top-icon\"><div class=\"porto-sicon-top\"><div id=\"porto-icon-181860156169f6b7bf28d10\" class=\"porto-just-icon-wrapper\" style=\"text-align:center;\"><div class=\"porto-icon none\" style=\"color:#0088cc;font-size:55px;display:inline-block;\"><i class=\"porto-icon-online-support\"><\/i><\/div><\/div><\/div><div class=\"porto-sicon-header\" ><h3 class=\"porto-sicon-title\" style=\"font-weight:600;font-size:18px;line-height:20px;color:#21293c;\">Pedidos por Whatsapp<\/h3><\/div> <!-- header --><div class=\"porto-sicon-description\" style=\"font-size:15px;line-height:27px;\">Tambi\u00e9n podemos tomar su pedido a trav\u00e9s de nuestro WhatsApp<\/p>\n<p><strong>951 052 173<\/strong><\/div> <!-- description --><\/div><!-- porto-sicon-box -->[\/vc_column_inner][\/vc_row_inner][\/vc_column][\/vc_row]<\/p>\n","protected":false},"excerpt":{"rendered":"<p>[vc_row wrap_container=&#8221;yes&#8221; css=&#8221;.vc_custom_1519804692056{padding-top: 30px !important;padding-bottom: 30px !important;}&#8221;][vc_column][vc_column_text]Somos una empresa Arequipe\u00f1a especializada en la comercializaci\u00f3n de productos de abarrotes, art\u00edculos de limpieza, primera necesidad, delicatesen y m\u00e1s. La empresa abrio sus puertas oficialmente en 1982, bajo la marca registrada EL SUPER. Contamos con 2 locales ubicados en el centro hist\u00f3rico de Arequipa. En el Portal de [&hellip;]<\/p>\n","protected":false},"author":1,"featured_media":0,"parent":0,"menu_order":0,"comment_status":"closed","ping_status":"closed","template":"","meta":{"footnotes":""},"class_list":["post-55","page","type-page","status-publish","hentry"],"_links":{"self":[{"href":"https:\/\/www.reinsac.com\/index.php\/wp-json\/wp\/v2\/pages\/55","targetHints":{"allow":["GET"]}}],"collection":[{"href":"https:\/\/www.reinsac.com\/index.php\/wp-json\/wp\/v2\/pages"}],"about":[{"href":"https:\/\/www.reinsac.com\/index.php\/wp-json\/wp\/v2\/types\/page"}],"author":[{"embeddable":true,"href":"https:\/\/www.reinsac.com\/index.php\/wp-json\/wp\/v2\/users\/1"}],"replies":[{"embeddable":true,"href":"https:\/\/www.reinsac.com\/index.php\/wp-json\/wp\/v2\/comments?post=55"}],"version-history":[{"count":6,"href":"https:\/\/www.reinsac.com\/index.php\/wp-json\/wp\/v2\/pages\/55\/revisions"}],"predecessor-version":[{"id":3050,"href":"https:\/\/www.reinsac.com\/index.php\/wp-json\/wp\/v2\/pages\/55\/revisions\/3050"}],"wp:attachment":[{"href":"https:\/\/www.reinsac.com\/index.php\/wp-json\/wp\/v2\/media?parent=55"}],"curies":[{"name":"wp","href":"https:\/\/api.w.org\/{rel}","templated":true}]}}